{"id":7962,"date":"2026-03-02T13:11:51","date_gmt":"2026-03-02T12:11:51","guid":{"rendered":"https:\/\/acreto.se\/withdrawal-of-orders\/"},"modified":"2026-03-02T14:13:33","modified_gmt":"2026-03-02T13:13:33","slug":"withdrawal-of-orders","status":"publish","type":"page","link":"https:\/\/acreto.se\/en\/withdrawal-of-orders\/","title":{"rendered":"Cancellation of orders"},"content":{"rendered":"<div class=\"wpb-content-wrapper\"><p>[vc_row][vc_column][vc_column_text]<\/p>\n<p>You have a 14-day right of withdrawal in all Acreto online shops. If you regret your order, please fill in the form below. <\/p>\n<p>[\/vc_column_text][\/vc_column][\/vc_row][vc_row][vc_column][vc_column_text]<\/p>\n<style id=\"wpforms-css-vars-7956-block-6c8bf7de-4c62-48b6-8e53-050035b5baf8\">\n\t\t\t\t#wpforms-7956.wpforms-block-6c8bf7de-4c62-48b6-8e53-050035b5baf8 {\n\t\t\t\t--wpforms-field-size-input-height: 43px;\n--wpforms-field-size-input-spacing: 15px;\n--wpforms-field-size-font-size: 16px;\n--wpforms-field-size-line-height: 19px;\n--wpforms-field-size-padding-h: 14px;\n--wpforms-field-size-checkbox-size: 16px;\n--wpforms-field-size-sublabel-spacing: 5px;\n--wpforms-field-size-icon-size: 1;\n--wpforms-label-size-font-size: 16px;\n--wpforms-label-size-line-height: 19px;\n--wpforms-label-size-sublabel-font-size: 14px;\n--wpforms-label-size-sublabel-line-height: 17px;\n--wpforms-button-size-font-size: 17px;\n--wpforms-button-size-height: 41px;\n--wpforms-button-size-padding-h: 15px;\n--wpforms-button-size-margin-top: 10px;\n\t\t\t}\n\t\t\t<\/style><div class=\"wpforms-container wpforms-container-full wpforms-block wpforms-block-6c8bf7de-4c62-48b6-8e53-050035b5baf8 wpforms-render-modern\" id=\"wpforms-7956\"><form id=\"wpforms-form-7956\" class=\"wpforms-validate wpforms-form wpforms-ajax-form\" data-formid=\"7956\" method=\"post\" enctype=\"multipart\/form-data\" action=\"\/en\/wp-json\/wp\/v2\/pages\/7962\" data-token=\"745b4e7b76ccca34fa3d221adb7a3952\" data-token-time=\"1776684983\"><noscript class=\"wpforms-error-noscript\">Please enable JavaScript in your browser to complete this form.<\/noscript><div id=\"wpforms-error-noscript\" style=\"display: none;\">Please enable JavaScript in your browser to complete this form.<\/div><div class=\"wpforms-field-container\"><div id=\"wpforms-7956-field_9-container\" class=\"wpforms-field wpforms-field-text\" data-field-id=\"9\"><label class=\"wpforms-field-label\" for=\"wpforms-7956-field_9\">Namn <span class=\"wpforms-required-label\" aria-hidden=\"true\">*<\/span><\/label><input type=\"text\" id=\"wpforms-7956-field_9\" class=\"wpforms-field-medium wpforms-field-required\" name=\"wpforms[fields][9]\" aria-errormessage=\"wpforms-7956-field_9-error\" aria-describedby=\"wpforms-7956-field_9-description\" required><div id=\"wpforms-7956-field_9-description\" class=\"wpforms-field-description\">Ange ditt f\u00f6r &amp; efternamn<\/div><\/div>\t\t<div id=\"wpforms-7956-field_1-container\"\n\t\t\tclass=\"wpforms-field wpforms-field-text\"\n\t\t\tdata-field-type=\"text\"\n\t\t\tdata-field-id=\"1\"\n\t\t\t>\n\t\t\t<label class=\"wpforms-field-label\" for=\"wpforms-7956-field_1\" >vilken\/vilka  \u00e5ngar<\/label>\n\t\t\t<input type=\"text\" id=\"wpforms-7956-field_1\" class=\"wpforms-field-medium\" name=\"wpforms[fields][1]\" >\n\t\t<\/div>\n\t\t<div id=\"wpforms-7956-field_2-container\" class=\"wpforms-field wpforms-field-email\" data-field-id=\"2\"><label class=\"wpforms-field-label\" for=\"wpforms-7956-field_2\">E-post <span class=\"wpforms-required-label\" aria-hidden=\"true\">*<\/span><\/label><input type=\"email\" id=\"wpforms-7956-field_2\" class=\"wpforms-field-medium wpforms-field-required\" name=\"wpforms[fields][2]\" spellcheck=\"false\" aria-errormessage=\"wpforms-7956-field_2-error\" aria-describedby=\"wpforms-7956-field_2-description\" required><div id=\"wpforms-7956-field_2-description\" class=\"wpforms-field-description\">Ange den e-post adress du anv\u00e4nde vid k\u00f6ptillf\u00e4llet<\/div><\/div><div id=\"wpforms-7956-field_4-container\" class=\"wpforms-field wpforms-field-number\" data-field-id=\"4\"><label class=\"wpforms-field-label\" for=\"wpforms-7956-field_4\">Ordernummer  <span class=\"wpforms-required-label\" aria-hidden=\"true\">*<\/span><\/label><input type=\"number\" id=\"wpforms-7956-field_4\" class=\"wpforms-field-medium wpforms-field-required\" name=\"wpforms[fields][4]\" step=\"any\" aria-errormessage=\"wpforms-7956-field_4-error\" aria-describedby=\"wpforms-7956-field_4-description\" required><div id=\"wpforms-7956-field_4-description\" class=\"wpforms-field-description\">Ordernummer hittar du i din orderbekr\u00e4ftelse<\/div><\/div><div id=\"wpforms-7956-field_7-container\" class=\"wpforms-field wpforms-field-textarea\" data-field-id=\"7\"><label class=\"wpforms-field-label\" for=\"wpforms-7956-field_7\">Ange vilken\/vilka produkter du \u00f6nskar \u00e5ngra (Om du \u00e5ngar hela ordern s\u00e5 l\u00e4mna detta f\u00e4lt tomt)<\/label><textarea id=\"wpforms-7956-field_7\" class=\"wpforms-field-medium\" name=\"wpforms[fields][7]\" aria-errormessage=\"wpforms-7956-field_7-error\" aria-describedby=\"wpforms-7956-field_7-description\" ><\/textarea><div id=\"wpforms-7956-field_7-description\" class=\"wpforms-field-description\">L\u00e4mna detta f\u00e4lt tomt om du \u00f6nskar \u00e5ngra hela k\u00f6pet<\/div><\/div><script>\n\t\t\t\t( function() {\n\t\t\t\t\tconst style = document.createElement( 'style' );\n\t\t\t\t\tstyle.appendChild( document.createTextNode( '#wpforms-7956-field_1-container { position: absolute !important; overflow: hidden !important; display: inline !important; height: 1px !important; width: 1px !important; z-index: -1000 !important; padding: 0 !important; } #wpforms-7956-field_1-container input { visibility: hidden; } #wpforms-conversational-form-page #wpforms-7956-field_1-container label { counter-increment: none; }' ) );\n\t\t\t\t\tdocument.head.appendChild( style );\n\t\t\t\t\tdocument.currentScript?.remove();\n\t\t\t\t} )();\n\t\t\t<\/script><\/div><!-- .wpforms-field-container --><div class=\"wpforms-submit-container\" ><input type=\"hidden\" name=\"wpforms[id]\" value=\"7956\"><input type=\"hidden\" name=\"page_title\" value=\"\"><input type=\"hidden\" name=\"page_url\" value=\"https:\/\/acreto.se\/en\/wp-json\/wp\/v2\/pages\/7962\"><input type=\"hidden\" name=\"url_referer\" value=\"\"><button type=\"submit\" name=\"wpforms[submit]\" id=\"wpforms-submit-7956\" class=\"wpforms-submit\" data-alt-text=\"Skickar \u2026\" data-submit-text=\"Skicka\" aria-live=\"assertive\" value=\"wpforms-submit\">Skicka<\/button><img loading=\"lazy\" decoding=\"async\" src=\"https:\/\/acreto.se\/wp-content\/plugins\/wpforms-lite\/assets\/images\/submit-spin.svg\" class=\"wpforms-submit-spinner\" style=\"display: none;\" width=\"26\" height=\"26\" alt=\"Loading\"><\/div><\/form><\/div>  <!-- .wpforms-container --><p>[\/vc_column_text][\/vc_column][\/vc_row]<\/p>\n<\/div>","protected":false},"excerpt":{"rendered":"<p>[vc_row][vc_column][vc_column_text] You have a 14-day right of withdrawal in all Acreto online shops. If you regret your order, please fill in the form below. [\/vc_column_text][\/vc_column][\/vc_row][vc_row][vc_column][vc_column_text] [\/vc_column_text][\/vc_column][\/vc_row]<\/p>\n","protected":false},"author":37,"featured_media":0,"parent":0,"menu_order":0,"comment_status":"closed","ping_status":"closed","template":"","meta":{"om_disable_all_campaigns":false,"_monsterinsights_skip_tracking":false,"_monsterinsights_sitenote_active":false,"_monsterinsights_sitenote_note":"","_monsterinsights_sitenote_category":0,"footnotes":""},"class_list":["post-7962","page","type-page","status-publish","hentry"],"yoast_head":"<!-- This site is optimized with the Yoast SEO plugin v27.3 - https:\/\/yoast.com\/product\/yoast-seo-wordpress\/ -->\n<title>Cancellation of orders - ACRETO | Varum\u00e4rkesbyggande distribut\u00f6r<\/title>\n<meta name=\"robots\" content=\"index, follow, max-snippet:-1, max-image-preview:large, max-video-preview:-1\" \/>\n<link rel=\"canonical\" href=\"https:\/\/acreto.se\/en\/withdrawal-of-orders\/\" \/>\n<meta property=\"og:locale\" content=\"en_US\" \/>\n<meta property=\"og:type\" content=\"article\" \/>\n<meta property=\"og:title\" content=\"Cancellation of orders - ACRETO | Varum\u00e4rkesbyggande distribut\u00f6r\" \/>\n<meta property=\"og:description\" content=\"[vc_row][vc_column][vc_column_text] You have a 14-day right of withdrawal in all Acreto online shops. If you regret your order, please fill in the form below. [\/vc_column_text][\/vc_column][\/vc_row][vc_row][vc_column][vc_column_text] [\/vc_column_text][\/vc_column][\/vc_row]\" \/>\n<meta property=\"og:url\" content=\"https:\/\/acreto.se\/en\/withdrawal-of-orders\/\" \/>\n<meta property=\"og:site_name\" content=\"ACRETO | Varum\u00e4rkesbyggande distribut\u00f6r\" \/>\n<meta property=\"article:modified_time\" content=\"2026-03-02T13:13:33+00:00\" \/>\n<meta name=\"twitter:card\" content=\"summary_large_image\" \/>\n<script type=\"application\/ld+json\" class=\"yoast-schema-graph\">{\"@context\":\"https:\\\/\\\/schema.org\",\"@graph\":[{\"@type\":\"WebPage\",\"@id\":\"https:\\\/\\\/acreto.se\\\/en\\\/withdrawal-of-orders\\\/\",\"url\":\"https:\\\/\\\/acreto.se\\\/en\\\/withdrawal-of-orders\\\/\",\"name\":\"Cancellation of orders - ACRETO | Varum\u00e4rkesbyggande distribut\u00f6r\",\"isPartOf\":{\"@id\":\"https:\\\/\\\/acreto.se\\\/en\\\/#website\"},\"datePublished\":\"2026-03-02T12:11:51+00:00\",\"dateModified\":\"2026-03-02T13:13:33+00:00\",\"breadcrumb\":{\"@id\":\"https:\\\/\\\/acreto.se\\\/en\\\/withdrawal-of-orders\\\/#breadcrumb\"},\"inLanguage\":\"en-US\",\"potentialAction\":[{\"@type\":\"ReadAction\",\"target\":[\"https:\\\/\\\/acreto.se\\\/en\\\/withdrawal-of-orders\\\/\"]}]},{\"@type\":\"BreadcrumbList\",\"@id\":\"https:\\\/\\\/acreto.se\\\/en\\\/withdrawal-of-orders\\\/#breadcrumb\",\"itemListElement\":[{\"@type\":\"ListItem\",\"position\":1,\"name\":\"Home\",\"item\":\"https:\\\/\\\/acreto.se\\\/en\\\/\"},{\"@type\":\"ListItem\",\"position\":2,\"name\":\"Cancellation of orders\"}]},{\"@type\":\"WebSite\",\"@id\":\"https:\\\/\\\/acreto.se\\\/en\\\/#website\",\"url\":\"https:\\\/\\\/acreto.se\\\/en\\\/\",\"name\":\"ACRETO | Varum\u00e4rkesbyggande distribut\u00f6r\",\"description\":\"\",\"potentialAction\":[{\"@type\":\"SearchAction\",\"target\":{\"@type\":\"EntryPoint\",\"urlTemplate\":\"https:\\\/\\\/acreto.se\\\/en\\\/?s={search_term_string}\"},\"query-input\":{\"@type\":\"PropertyValueSpecification\",\"valueRequired\":true,\"valueName\":\"search_term_string\"}}],\"inLanguage\":\"en-US\"}]}<\/script>\n<!-- \/ Yoast SEO plugin. -->","yoast_head_json":{"title":"Cancellation of orders - ACRETO | Varum\u00e4rkesbyggande distribut\u00f6r","robots":{"index":"index","follow":"follow","max-snippet":"max-snippet:-1","max-image-preview":"max-image-preview:large","max-video-preview":"max-video-preview:-1"},"canonical":"https:\/\/acreto.se\/en\/withdrawal-of-orders\/","og_locale":"en_US","og_type":"article","og_title":"Cancellation of orders - ACRETO | Varum\u00e4rkesbyggande distribut\u00f6r","og_description":"[vc_row][vc_column][vc_column_text] You have a 14-day right of withdrawal in all Acreto online shops. If you regret your order, please fill in the form below. [\/vc_column_text][\/vc_column][\/vc_row][vc_row][vc_column][vc_column_text] [\/vc_column_text][\/vc_column][\/vc_row]","og_url":"https:\/\/acreto.se\/en\/withdrawal-of-orders\/","og_site_name":"ACRETO | Varum\u00e4rkesbyggande distribut\u00f6r","article_modified_time":"2026-03-02T13:13:33+00:00","twitter_card":"summary_large_image","schema":{"@context":"https:\/\/schema.org","@graph":[{"@type":"WebPage","@id":"https:\/\/acreto.se\/en\/withdrawal-of-orders\/","url":"https:\/\/acreto.se\/en\/withdrawal-of-orders\/","name":"Cancellation of orders - ACRETO | Varum\u00e4rkesbyggande distribut\u00f6r","isPartOf":{"@id":"https:\/\/acreto.se\/en\/#website"},"datePublished":"2026-03-02T12:11:51+00:00","dateModified":"2026-03-02T13:13:33+00:00","breadcrumb":{"@id":"https:\/\/acreto.se\/en\/withdrawal-of-orders\/#breadcrumb"},"inLanguage":"en-US","potentialAction":[{"@type":"ReadAction","target":["https:\/\/acreto.se\/en\/withdrawal-of-orders\/"]}]},{"@type":"BreadcrumbList","@id":"https:\/\/acreto.se\/en\/withdrawal-of-orders\/#breadcrumb","itemListElement":[{"@type":"ListItem","position":1,"name":"Home","item":"https:\/\/acreto.se\/en\/"},{"@type":"ListItem","position":2,"name":"Cancellation of orders"}]},{"@type":"WebSite","@id":"https:\/\/acreto.se\/en\/#website","url":"https:\/\/acreto.se\/en\/","name":"ACRETO | Varum\u00e4rkesbyggande distribut\u00f6r","description":"","potentialAction":[{"@type":"SearchAction","target":{"@type":"EntryPoint","urlTemplate":"https:\/\/acreto.se\/en\/?s={search_term_string}"},"query-input":{"@type":"PropertyValueSpecification","valueRequired":true,"valueName":"search_term_string"}}],"inLanguage":"en-US"}]}},"_links":{"self":[{"href":"https:\/\/acreto.se\/en\/wp-json\/wp\/v2\/pages\/7962","targetHints":{"allow":["GET"]}}],"collection":[{"href":"https:\/\/acreto.se\/en\/wp-json\/wp\/v2\/pages"}],"about":[{"href":"https:\/\/acreto.se\/en\/wp-json\/wp\/v2\/types\/page"}],"author":[{"embeddable":true,"href":"https:\/\/acreto.se\/en\/wp-json\/wp\/v2\/users\/37"}],"replies":[{"embeddable":true,"href":"https:\/\/acreto.se\/en\/wp-json\/wp\/v2\/comments?post=7962"}],"version-history":[{"count":4,"href":"https:\/\/acreto.se\/en\/wp-json\/wp\/v2\/pages\/7962\/revisions"}],"predecessor-version":[{"id":7975,"href":"https:\/\/acreto.se\/en\/wp-json\/wp\/v2\/pages\/7962\/revisions\/7975"}],"wp:attachment":[{"href":"https:\/\/acreto.se\/en\/wp-json\/wp\/v2\/media?parent=7962"}],"curies":[{"name":"wp","href":"https:\/\/api.w.org\/{rel}","templated":true}]}}